{"id":18614,"date":"2024-01-01T17:21:38","date_gmt":"2024-01-01T17:21:38","guid":{"rendered":"https:\/\/globalperspektif.com\/?page_id=18614"},"modified":"2024-08-24T18:32:12","modified_gmt":"2024-08-24T15:32:12","slug":"hakkimizda","status":"publish","type":"page","link":"https:\/\/globalperspektif.com\/en\/hakkimizda\/","title":{"rendered":"About Us"},"content":{"rendered":"<div data-elementor-type=\"wp-page\" data-elementor-id=\"18614\" class=\"elementor elementor-18614\">\n\t\t\t\t\t\t<section class=\"elementor-section elementor-top-section elementor-element elementor-element-ebd6da8 elementor-section-boxed elementor-section-height-default elementor-section-height-default sc_fly_static\" data-id=\"ebd6da8\" data-element_type=\"section\">\n\t\t\t\t\t\t<div class=\"elementor-container elementor-column-gap-extended\">\n\t\t\t\t\t<div class=\"elementor-column elementor-col-100 elementor-top-column elementor-element elementor-element-72d5e43 sc_inner_width_none sc_content_align_inherit sc_layouts_column_icons_position_left sc_fly_static\" data-id=\"72d5e43\" data-element_type=\"column\">\n\t\t\t<div class=\"elementor-widget-wrap elementor-element-populated\">\n\t\t\t\t\t\t<div class=\"elementor-element elementor-element-21f198a sc_height_huge sc_fly_static elementor-widget elementor-widget-spacer\" data-id=\"21f198a\" data-element_type=\"widget\" data-widget_type=\"spacer.default\">\n\t\t\t\t<div class=\"elementor-widget-container\">\n\t\t\t\t\t\t\t<div class=\"elementor-spacer\">\n\t\t\t<div class=\"elementor-spacer-inner\"><\/div>\n\t\t<\/div>\n\t\t\t\t\t\t<\/div>\n\t\t\t\t<\/div>\n\t\t\t\t\t<\/div>\n\t\t<\/div>\n\t\t\t\t\t<\/div>\n\t\t<\/section>\n\t\t\t\t<section class=\"elementor-section elementor-top-section elementor-element elementor-element-5d51919 elementor-section-content-middle elementor-section-boxed elementor-section-height-default elementor-section-height-default sc_fly_static\" data-id=\"5d51919\" data-element_type=\"section\">\n\t\t\t\t\t\t<div class=\"elementor-container elementor-column-gap-extended\">\n\t\t\t\t\t<div class=\"elementor-column elementor-col-50 elementor-top-column elementor-element elementor-element-1f7349a sc_inner_width_none sc_content_align_inherit sc_layouts_column_icons_position_left sc_fly_static\" data-id=\"1f7349a\" data-element_type=\"column\">\n\t\t\t<div class=\"elementor-widget-wrap elementor-element-populated\">\n\t\t\t\t\t\t<div class=\"elementor-element elementor-element-c96c9b1 sc_fly_static elementor-widget elementor-widget-trx_sc_title\" data-id=\"c96c9b1\" data-element_type=\"widget\" data-widget_type=\"trx_sc_title.default\">\n\t\t\t\t<div class=\"elementor-widget-container\">\n\t\t\t\t\t<div\t\tclass=\"sc_title sc_title_default\" ><span class=\"sc_item_subtitle sc_title_subtitle sc_item_subtitle_above sc_item_title_style_default\">About Us<\/span><h1 class=\"sc_item_title sc_title_title sc_item_title_style_default sc_item_title_tag\"\n\t\t\t><span class=\"sc_item_title_text\">Who is Global Perspective?  <\/span><\/h1><\/div>\t\t\t\t<\/div>\n\t\t\t\t<\/div>\n\t\t\t\t<div class=\"elementor-element elementor-element-2a2063f sc_fly_static elementor-widget elementor-widget-spacer\" data-id=\"2a2063f\" data-element_type=\"widget\" data-widget_type=\"spacer.default\">\n\t\t\t\t<div class=\"elementor-widget-container\">\n\t\t\t\t\t\t\t<div class=\"elementor-spacer\">\n\t\t\t<div class=\"elementor-spacer-inner\"><\/div>\n\t\t<\/div>\n\t\t\t\t\t\t<\/div>\n\t\t\t\t<\/div>\n\t\t\t\t<div class=\"elementor-element elementor-element-1e2dadf sc_fly_static elementor-widget elementor-widget-trx_sc_title\" data-id=\"1e2dadf\" data-element_type=\"widget\" data-widget_type=\"trx_sc_title.default\">\n\t\t\t\t<div class=\"elementor-widget-container\">\n\t\t\t\t\t<div\t\tclass=\"sc_title sc_title_default\" ><h5 class=\"sc_item_title sc_title_title sc_item_title_style_default sc_item_title_tag\"\n\t\t\t><span class=\"sc_item_title_text\">Residence Permit and Permanent Citizenship Services<\/span><\/h5><\/div>\t\t\t\t<\/div>\n\t\t\t\t<\/div>\n\t\t\t\t<div class=\"elementor-element elementor-element-f71cdf8 sc_fly_static elementor-widget elementor-widget-spacer\" data-id=\"f71cdf8\" data-element_type=\"widget\" data-widget_type=\"spacer.default\">\n\t\t\t\t<div class=\"elementor-widget-container\">\n\t\t\t\t\t\t\t<div class=\"elementor-spacer\">\n\t\t\t<div class=\"elementor-spacer-inner\"><\/div>\n\t\t<\/div>\n\t\t\t\t\t\t<\/div>\n\t\t\t\t<\/div>\n\t\t\t\t<div class=\"elementor-element elementor-element-d788047 sc_fly_static elementor-widget elementor-widget-text-editor\" data-id=\"d788047\" data-element_type=\"widget\" data-widget_type=\"text-editor.default\">\n\t\t\t\t<div class=\"elementor-widget-container\">\n\t\t\t\t\t\t\t\t\t<p>Global Perspektif is an institution that creates a personalized investment plan for anyone who is considering obtaining citizenship or residence permit through investment abroad, and carries out and completes all bureaucratic processes on behalf of the investor. Global Perspektif provides services in many areas from real estate investment to securities, from housing options for students to residence permits through regular income.<\/p>\t\t\t\t\t\t\t\t<\/div>\n\t\t\t\t<\/div>\n\t\t\t\t<div class=\"elementor-element elementor-element-af46631 sc_fly_static elementor-widget elementor-widget-spacer\" data-id=\"af46631\" data-element_type=\"widget\" data-widget_type=\"spacer.default\">\n\t\t\t\t<div class=\"elementor-widget-container\">\n\t\t\t\t\t\t\t<div class=\"elementor-spacer\">\n\t\t\t<div class=\"elementor-spacer-inner\"><\/div>\n\t\t<\/div>\n\t\t\t\t\t\t<\/div>\n\t\t\t\t<\/div>\n\t\t\t\t<div class=\"elementor-element elementor-element-0498b6f scheme_light sc_fly_static elementor-widget elementor-widget-trx_sc_button\" data-id=\"0498b6f\" data-element_type=\"widget\" data-widget_type=\"trx_sc_button.default\">\n\t\t\t\t<div class=\"elementor-widget-container\">\n\t\t\t\t\t<div\tclass=\"sc_item_button sc_button_wrap\" ><a href=\"https:\/\/globalperspektif.com\/en\/iletisim\/\" class=\"sc_button sc_button_decoration sc_button_size_normal sc_button_icon_left\" ><span class=\"sc_button_text\"><span class=\"sc_button_title\">Contact Us<\/span><\/span><\/a><a href=\"tel:+905468221312\" class=\"sc_button sc_button_simple button_bg_icon_color sc_button_size_large sc_button_with_icon sc_button_icon_left color_style_dark\" ><span class=\"sc_button_icon\"><span class=\"icon-call\"><\/span><\/span><span class=\"sc_button_text\"><span class=\"sc_button_title\">+90 546 822 13 12<\/span><\/span><\/a><\/div>\t\t\t\t<\/div>\n\t\t\t\t<\/div>\n\t\t\t\t<div class=\"elementor-element elementor-element-4bcd51c sc_layouts_hide_on_tablet sc_layouts_hide_on_notebook sc_fly_static elementor-widget elementor-widget-spacer\" data-id=\"4bcd51c\" data-element_type=\"widget\" data-widget_type=\"spacer.default\">\n\t\t\t\t<div class=\"elementor-widget-container\">\n\t\t\t\t\t\t\t<div class=\"elementor-spacer\">\n\t\t\t<div class=\"elementor-spacer-inner\"><\/div>\n\t\t<\/div>\n\t\t\t\t\t\t<\/div>\n\t\t\t\t<\/div>\n\t\t\t\t\t<\/div>\n\t\t<\/div>\n\t\t\t\t<div class=\"elementor-column elementor-col-50 elementor-top-column elementor-element elementor-element-0fd1768 sc_inner_width_none sc_content_align_inherit sc_layouts_column_icons_position_left sc_fly_static\" data-id=\"0fd1768\" data-element_type=\"column\">\n\t\t\t<div class=\"elementor-widget-wrap elementor-element-populated\">\n\t\t\t\t\t\t<section class=\"elementor-section elementor-inner-section elementor-element elementor-element-f50a9f6 elementor-section-boxed elementor-section-height-default elementor-section-height-default sc_fly_static\" data-id=\"f50a9f6\" data-element_type=\"section\">\n\t\t\t\t\t\t<div class=\"elementor-container elementor-column-gap-no\">\n\t\t\t\t\t<div class=\"elementor-column elementor-col-50 elementor-inner-column elementor-element elementor-element-3709479 sc_inner_width_none sc_content_align_inherit sc_layouts_column_icons_position_left sc_fly_static\" data-id=\"3709479\" data-element_type=\"column\">\n\t\t\t<div class=\"elementor-widget-wrap elementor-element-populated\">\n\t\t\t\t\t\t<div class=\"elementor-element elementor-element-70cbe56 no-title animation_type_block sc_fly_static elementor-invisible elementor-widget elementor-widget-image\" data-id=\"70cbe56\" data-element_type=\"widget\" data-settings=\"{&quot;_animation&quot;:&quot;beautique-fadeinup&quot;,&quot;_animation_delay&quot;:100}\" data-widget_type=\"image.default\">\n\t\t\t\t<div class=\"elementor-widget-container\">\n\t\t\t\t\t\t\t\t\t\t\t\t\t\t\t<img decoding=\"async\" src=\"https:\/\/globalperspektif.com\/wp-content\/uploads\/elementor\/thumbs\/anasayfa-globalperspektif-on-qrjeol8dsw19jixqq0jok39e8mknvzahwpiaq5tp92.jpg\" title=\"anasayfa globalperspektif \u00f6n\" alt=\"anasayfa globalperspektif \u00f6n\" loading=\"lazy\" \/>\t\t\t\t\t\t\t\t\t\t\t\t\t\t\t<\/div>\n\t\t\t\t<\/div>\n\t\t\t\t\t<\/div>\n\t\t<\/div>\n\t\t\t\t<div class=\"elementor-column elementor-col-50 elementor-inner-column elementor-element elementor-element-24d332c sc_inner_width_none sc_content_align_inherit sc_layouts_column_icons_position_left sc_fly_static\" data-id=\"24d332c\" data-element_type=\"column\">\n\t\t\t<div class=\"elementor-widget-wrap elementor-element-populated\">\n\t\t\t\t\t\t<div class=\"elementor-element elementor-element-de8f5d1 no-title animation_type_block sc_fly_static elementor-invisible elementor-widget elementor-widget-image\" data-id=\"de8f5d1\" data-element_type=\"widget\" data-settings=\"{&quot;_animation&quot;:&quot;beautique-fadeinup&quot;}\" data-widget_type=\"image.default\">\n\t\t\t\t<div class=\"elementor-widget-container\">\n\t\t\t\t\t\t\t\t\t\t\t\t\t\t\t<img decoding=\"async\" src=\"https:\/\/globalperspektif.com\/wp-content\/uploads\/elementor\/thumbs\/anasayfa-globalperspektif-arka-qrjeopxl7adk5r6o3jewav9791nf0k82b5jscy2xra.jpeg\" title=\"anasayfa globalperspektif arka\" alt=\"anasayfa globalperspektif arka\" loading=\"lazy\" \/>\t\t\t\t\t\t\t\t\t\t\t\t\t\t\t<\/div>\n\t\t\t\t<\/div>\n\t\t\t\t<div class=\"elementor-element elementor-element-a1d658b sc_height_huge sc_layouts_hide_on_mobile sc_fly_static elementor-widget elementor-widget-spacer\" data-id=\"a1d658b\" data-element_type=\"widget\" data-widget_type=\"spacer.default\">\n\t\t\t\t<div class=\"elementor-widget-container\">\n\t\t\t\t\t\t\t<div class=\"elementor-spacer\">\n\t\t\t<div class=\"elementor-spacer-inner\"><\/div>\n\t\t<\/div>\n\t\t\t\t\t\t<\/div>\n\t\t\t\t<\/div>\n\t\t\t\t<div class=\"elementor-element elementor-element-5a19924 sc_fly_static elementor-widget elementor-widget-spacer\" data-id=\"5a19924\" data-element_type=\"widget\" data-widget_type=\"spacer.default\">\n\t\t\t\t<div class=\"elementor-widget-container\">\n\t\t\t\t\t\t\t<div class=\"elementor-spacer\">\n\t\t\t<div class=\"elementor-spacer-inner\"><\/div>\n\t\t<\/div>\n\t\t\t\t\t\t<\/div>\n\t\t\t\t<\/div>\n\t\t\t\t\t<\/div>\n\t\t<\/div>\n\t\t\t\t\t<\/div>\n\t\t<\/section>\n\t\t\t\t\t<\/div>\n\t\t<\/div>\n\t\t\t\t\t<\/div>\n\t\t<\/section>\n\t\t\t\t<section class=\"elementor-section elementor-top-section elementor-element elementor-element-4d90b12 elementor-section-boxed elementor-section-height-default elementor-section-height-default sc_fly_static\" data-id=\"4d90b12\" data-element_type=\"section\">\n\t\t\t\t\t\t<div class=\"elementor-container elementor-column-gap-extended\">\n\t\t\t\t\t<div class=\"elementor-column elementor-col-100 elementor-top-column elementor-element elementor-element-3f9497b sc_inner_width_none sc_content_align_inherit sc_layouts_column_icons_position_left sc_fly_static\" data-id=\"3f9497b\" data-element_type=\"column\">\n\t\t\t<div class=\"elementor-widget-wrap elementor-element-populated\">\n\t\t\t\t\t\t<div class=\"elementor-element elementor-element-5ac1744 sc_height_large sc_fly_static elementor-widget elementor-widget-spacer\" data-id=\"5ac1744\" data-element_type=\"widget\" data-widget_type=\"spacer.default\">\n\t\t\t\t<div class=\"elementor-widget-container\">\n\t\t\t\t\t\t\t<div class=\"elementor-spacer\">\n\t\t\t<div class=\"elementor-spacer-inner\"><\/div>\n\t\t<\/div>\n\t\t\t\t\t\t<\/div>\n\t\t\t\t<\/div>\n\t\t\t\t\t<\/div>\n\t\t<\/div>\n\t\t\t\t\t<\/div>\n\t\t<\/section>\n\t\t\t\t<section class=\"elementor-section elementor-top-section elementor-element elementor-element-87424aa elementor-section-full_width scheme_light elementor-section-height-default elementor-section-height-default sc_fly_static\" data-id=\"87424aa\" data-element_type=\"section\" data-settings=\"{&quot;background_background&quot;:&quot;classic&quot;}\">\n\t\t\t\t\t\t<div class=\"elementor-container elementor-column-gap-extended\">\n\t\t\t\t\t<div class=\"elementor-column elementor-col-100 elementor-top-column elementor-element elementor-element-475034c sc_inner_width_none sc_content_align_inherit sc_layouts_column_icons_position_left sc_fly_static\" data-id=\"475034c\" data-element_type=\"column\">\n\t\t\t<div class=\"elementor-widget-wrap elementor-element-populated\">\n\t\t\t\t\t\t<div class=\"elementor-element elementor-element-ecaaea5 sc_height_large sc_fly_static elementor-widget elementor-widget-spacer\" data-id=\"ecaaea5\" data-element_type=\"widget\" data-widget_type=\"spacer.default\">\n\t\t\t\t<div class=\"elementor-widget-container\">\n\t\t\t\t\t\t\t<div class=\"elementor-spacer\">\n\t\t\t<div class=\"elementor-spacer-inner\"><\/div>\n\t\t<\/div>\n\t\t\t\t\t\t<\/div>\n\t\t\t\t<\/div>\n\t\t\t\t<section class=\"elementor-section elementor-inner-section elementor-element elementor-element-516a09f elementor-section-boxed elementor-section-height-default elementor-section-height-default sc_fly_static\" data-id=\"516a09f\" data-element_type=\"section\">\n\t\t\t\t\t\t<div class=\"elementor-container elementor-column-gap-no\">\n\t\t\t\t\t<div class=\"elementor-column elementor-col-100 elementor-inner-column elementor-element elementor-element-c4ef9cf sc_inner_width_none sc_content_align_inherit sc_layouts_column_icons_position_left sc_fly_static\" data-id=\"c4ef9cf\" data-element_type=\"column\">\n\t\t\t<div class=\"elementor-widget-wrap elementor-element-populated\">\n\t\t\t\t\t\t<div class=\"elementor-element elementor-element-b5c2324 elementor-widget__width-initial sc_fly_static elementor-widget elementor-widget-trx_sc_title\" data-id=\"b5c2324\" data-element_type=\"widget\" data-widget_type=\"trx_sc_title.default\">\n\t\t\t\t<div class=\"elementor-widget-container\">\n\t\t\t\t\t<div\t\tclass=\"sc_title sc_title_default\" ><span class=\"sc_item_subtitle sc_title_subtitle sc_item_subtitle_above sc_item_title_style_default\">Global Perspective<\/span><h1 class=\"sc_item_title sc_title_title sc_item_title_style_default sc_item_title_tag\"\n\t\t\t><span class=\"sc_item_title_text\">The Reasons Why We Are Everyone's Choice<\/span><\/h1><\/div>\t\t\t\t<\/div>\n\t\t\t\t<\/div>\n\t\t\t\t\t<\/div>\n\t\t<\/div>\n\t\t\t\t\t<\/div>\n\t\t<\/section>\n\t\t\t\t<div class=\"elementor-element elementor-element-73c55e0 sc_height_small sc_fly_static elementor-widget elementor-widget-spacer\" data-id=\"73c55e0\" data-element_type=\"widget\" data-widget_type=\"spacer.default\">\n\t\t\t\t<div class=\"elementor-widget-container\">\n\t\t\t\t\t\t\t<div class=\"elementor-spacer\">\n\t\t\t<div class=\"elementor-spacer-inner\"><\/div>\n\t\t<\/div>\n\t\t\t\t\t\t<\/div>\n\t\t\t\t<\/div>\n\t\t\t\t<div class=\"elementor-element elementor-element-1217d7a sc_fly_static elementor-widget elementor-widget-trx_sc_icons\" data-id=\"1217d7a\" data-element_type=\"widget\" data-widget_type=\"trx_sc_icons.default\">\n\t\t\t\t<div class=\"elementor-widget-container\">\n\t\t\t\t\t<div \tclass=\"sc_icons sc_icons_qw-stylish sc_icons_size_large sc_align_left\" ><div class=\"sc_icons_columns_wrap sc_item_columns trx_addons_columns_wrap columns_padding_bottom columns_in_single_row\" ><div class=\"trx_addons_column-1_4 trx_addons_column-1_2-tablet trx_addons_column-1_1-mobile\"><div class=\"sc_icons_item\"><div class=\"sc_icons_icon sc_icon_type_ icon-light\" ><span class=\"sc_icon_type_ icon-light\"><\/span><\/div><div class=\"sc_icons_item_details\"><h4 class=\"sc_icons_item_title\"><span>Institutionalization<\/span><\/h4><div class=\"sc_icons_item_description\"><span>Before we start you on your journey to citizenship or residency through investment, we conduct internal due diligence and inform you of your eligibility for citizenship (and\/or residency).<\/span><span><\/span><\/div><\/div><div class=\"sc_icons_item_shine\"><\/div>\n\t\t\t\n\t\t\t<div class=\"sc_icons_item_background\">\n\t\t\t\t<div class=\"sc_icons_item_tiles\">\n\t\t\t\t\t<div class=\"sc_icons_item_tile sc_icons_item_tile-1\"><\/div>\n\t\t\t\t\t<div class=\"sc_icons_item_tile sc_icons_item_tile-2\"><\/div>\n\t\t\t\t\t<div class=\"sc_icons_item_tile sc_icons_item_tile-3\"><\/div>\n\t\t\t\t\t<div class=\"sc_icons_item_tile sc_icons_item_tile-4\"><\/div>\n\t\t\t\t\t<div class=\"sc_icons_item_tile sc_icons_item_tile-5\"><\/div>\n\t\t\t\t\t<div class=\"sc_icons_item_tile sc_icons_item_tile-6\"><\/div>\n\t\t\t\t\t<div class=\"sc_icons_item_tile sc_icons_item_tile-7\"><\/div>\n\t\t\t\t\t<div class=\"sc_icons_item_tile sc_icons_item_tile-8\"><\/div>\n\t\t\t\t\t<div class=\"sc_icons_item_tile sc_icons_item_tile-9\"><\/div>\n\t\t\t\t\t<div class=\"sc_icons_item_tile sc_icons_item_tile-10\"><\/div>\n\t\t\t\t<\/div>\n\t\t\n\t\t\t\t<div class=\"sc_icons_item_line sc_icons_item_line-1\"><\/div>\n\t\t\t\t<div class=\"sc_icons_item_line sc_icons_item_line-2\"><\/div>\n\t\t\t\t<div class=\"sc_icons_item_line sc_icons_item_line-3\"><\/div>\n\t\t  <\/div><\/div><\/div><div class=\"trx_addons_column-1_4 trx_addons_column-1_2-tablet trx_addons_column-1_1-mobile\"><div class=\"sc_icons_item\"><div class=\"sc_icons_icon sc_icon_type_ icon-trophy-2\" ><span class=\"sc_icon_type_ icon-trophy-2\"><\/span><\/div><div class=\"sc_icons_item_details\"><h4 class=\"sc_icons_item_title\"><span>Favorable Price<\/span><\/h4><div class=\"sc_icons_item_description\"><span>We give all the information from the beginning. What we promise to implement, we implement step by step and completely. No surprises, no hidden fees and costs. Thus, we provide the whole process in the most convenient way for you.<\/span><\/div><\/div><div class=\"sc_icons_item_shine\"><\/div>\n\t\t\t\n\t\t\t<div class=\"sc_icons_item_background\">\n\t\t\t\t<div class=\"sc_icons_item_tiles\">\n\t\t\t\t\t<div class=\"sc_icons_item_tile sc_icons_item_tile-1\"><\/div>\n\t\t\t\t\t<div class=\"sc_icons_item_tile sc_icons_item_tile-2\"><\/div>\n\t\t\t\t\t<div class=\"sc_icons_item_tile sc_icons_item_tile-3\"><\/div>\n\t\t\t\t\t<div class=\"sc_icons_item_tile sc_icons_item_tile-4\"><\/div>\n\t\t\t\t\t<div class=\"sc_icons_item_tile sc_icons_item_tile-5\"><\/div>\n\t\t\t\t\t<div class=\"sc_icons_item_tile sc_icons_item_tile-6\"><\/div>\n\t\t\t\t\t<div class=\"sc_icons_item_tile sc_icons_item_tile-7\"><\/div>\n\t\t\t\t\t<div class=\"sc_icons_item_tile sc_icons_item_tile-8\"><\/div>\n\t\t\t\t\t<div class=\"sc_icons_item_tile sc_icons_item_tile-9\"><\/div>\n\t\t\t\t\t<div class=\"sc_icons_item_tile sc_icons_item_tile-10\"><\/div>\n\t\t\t\t<\/div>\n\t\t\n\t\t\t\t<div class=\"sc_icons_item_line sc_icons_item_line-1\"><\/div>\n\t\t\t\t<div class=\"sc_icons_item_line sc_icons_item_line-2\"><\/div>\n\t\t\t\t<div class=\"sc_icons_item_line sc_icons_item_line-3\"><\/div>\n\t\t  <\/div><\/div><\/div><div class=\"trx_addons_column-1_4 trx_addons_column-1_2-tablet trx_addons_column-1_1-mobile\"><div class=\"sc_icons_item\"><div class=\"sc_icons_icon sc_icon_type_ icon-target-2\" ><span class=\"sc_icon_type_ icon-target-2\"><\/span><\/div><div class=\"sc_icons_item_details\"><h4 class=\"sc_icons_item_title\"><span>Customer Oriented Service<\/span><\/h4><div class=\"sc_icons_item_description\"><span>We expertly select citizenship and residency programs that can offer solutions to almost every client. <\/span><\/div><\/div><div class=\"sc_icons_item_shine\"><\/div>\n\t\t\t\n\t\t\t<div class=\"sc_icons_item_background\">\n\t\t\t\t<div class=\"sc_icons_item_tiles\">\n\t\t\t\t\t<div class=\"sc_icons_item_tile sc_icons_item_tile-1\"><\/div>\n\t\t\t\t\t<div class=\"sc_icons_item_tile sc_icons_item_tile-2\"><\/div>\n\t\t\t\t\t<div class=\"sc_icons_item_tile sc_icons_item_tile-3\"><\/div>\n\t\t\t\t\t<div class=\"sc_icons_item_tile sc_icons_item_tile-4\"><\/div>\n\t\t\t\t\t<div class=\"sc_icons_item_tile sc_icons_item_tile-5\"><\/div>\n\t\t\t\t\t<div class=\"sc_icons_item_tile sc_icons_item_tile-6\"><\/div>\n\t\t\t\t\t<div class=\"sc_icons_item_tile sc_icons_item_tile-7\"><\/div>\n\t\t\t\t\t<div class=\"sc_icons_item_tile sc_icons_item_tile-8\"><\/div>\n\t\t\t\t\t<div class=\"sc_icons_item_tile sc_icons_item_tile-9\"><\/div>\n\t\t\t\t\t<div class=\"sc_icons_item_tile sc_icons_item_tile-10\"><\/div>\n\t\t\t\t<\/div>\n\t\t\n\t\t\t\t<div class=\"sc_icons_item_line sc_icons_item_line-1\"><\/div>\n\t\t\t\t<div class=\"sc_icons_item_line sc_icons_item_line-2\"><\/div>\n\t\t\t\t<div class=\"sc_icons_item_line sc_icons_item_line-3\"><\/div>\n\t\t  <\/div><\/div><\/div><div class=\"trx_addons_column-1_4 trx_addons_column-1_2-tablet trx_addons_column-1_1-mobile\"><div class=\"sc_icons_item\"><div class=\"sc_icons_icon sc_icon_type_ icon-new-certified\" ><span class=\"sc_icon_type_ icon-new-certified\"><\/span><\/div><div class=\"sc_icons_item_details\"><h4 class=\"sc_icons_item_title\"><span>Quality<\/span><\/h4><div class=\"sc_icons_item_description\"><span>We continue to develop day by day and continue to grow globally by providing hundreds of investment opportunities that we offer with the connections we make. We manage your processes without compromising our quality.<\/span><\/div><\/div><div class=\"sc_icons_item_shine\"><\/div>\n\t\t\t\n\t\t\t<div class=\"sc_icons_item_background\">\n\t\t\t\t<div class=\"sc_icons_item_tiles\">\n\t\t\t\t\t<div class=\"sc_icons_item_tile sc_icons_item_tile-1\"><\/div>\n\t\t\t\t\t<div class=\"sc_icons_item_tile sc_icons_item_tile-2\"><\/div>\n\t\t\t\t\t<div class=\"sc_icons_item_tile sc_icons_item_tile-3\"><\/div>\n\t\t\t\t\t<div class=\"sc_icons_item_tile sc_icons_item_tile-4\"><\/div>\n\t\t\t\t\t<div class=\"sc_icons_item_tile sc_icons_item_tile-5\"><\/div>\n\t\t\t\t\t<div class=\"sc_icons_item_tile sc_icons_item_tile-6\"><\/div>\n\t\t\t\t\t<div class=\"sc_icons_item_tile sc_icons_item_tile-7\"><\/div>\n\t\t\t\t\t<div class=\"sc_icons_item_tile sc_icons_item_tile-8\"><\/div>\n\t\t\t\t\t<div class=\"sc_icons_item_tile sc_icons_item_tile-9\"><\/div>\n\t\t\t\t\t<div class=\"sc_icons_item_tile sc_icons_item_tile-10\"><\/div>\n\t\t\t\t<\/div>\n\t\t\n\t\t\t\t<div class=\"sc_icons_item_line sc_icons_item_line-1\"><\/div>\n\t\t\t\t<div class=\"sc_icons_item_line sc_icons_item_line-2\"><\/div>\n\t\t\t\t<div class=\"sc_icons_item_line sc_icons_item_line-3\"><\/div>\n\t\t  <\/div><\/div><\/div><\/div><\/div><!-- \/.sc_icons -->\t\t\t\t<\/div>\n\t\t\t\t<\/div>\n\t\t\t\t<div class=\"elementor-element elementor-element-c133c34 sc_height_large sc_fly_static elementor-widget elementor-widget-spacer\" data-id=\"c133c34\" data-element_type=\"widget\" data-widget_type=\"spacer.default\">\n\t\t\t\t<div class=\"elementor-widget-container\">\n\t\t\t\t\t\t\t<div class=\"elementor-spacer\">\n\t\t\t<div class=\"elementor-spacer-inner\"><\/div>\n\t\t<\/div>\n\t\t\t\t\t\t<\/div>\n\t\t\t\t<\/div>\n\t\t\t\t\t<\/div>\n\t\t<\/div>\n\t\t\t\t\t<\/div>\n\t\t<\/section>\n\t\t\t\t<\/div>","protected":false},"excerpt":{"rendered":"<p>Hakk\u0131m\u0131zda Global Perspektif Kimdir? Oturma \u0130zni ve Daimi Vatanda\u015fl\u0131k Hizmetleri Global Perspektif, yurtd\u0131\u015f\u0131nda yat\u0131r\u0131m yoluyla vatanda\u015fl\u0131k ya da oturum iznine sahip olmay\u0131 d\u00fc\u015f\u00fcnen herkes i\u00e7in ki\u015fiye \u00f6zg\u00fc yat\u0131r\u0131m plan\u0131 olu\u015fturan,&hellip;<\/p>","protected":false},"author":1,"featured_media":0,"parent":0,"menu_order":0,"comment_status":"closed","ping_status":"closed","template":"","meta":{"footnotes":""},"class_list":["post-18614","page","type-page","status-publish","hentry"],"_links":{"self":[{"href":"https:\/\/globalperspektif.com\/en\/wp-json\/wp\/v2\/pages\/18614","targetHints":{"allow":["GET"]}}],"collection":[{"href":"https:\/\/globalperspektif.com\/en\/wp-json\/wp\/v2\/pages"}],"about":[{"href":"https:\/\/globalperspektif.com\/en\/wp-json\/wp\/v2\/types\/page"}],"author":[{"embeddable":true,"href":"https:\/\/globalperspektif.com\/en\/wp-json\/wp\/v2\/users\/1"}],"replies":[{"embeddable":true,"href":"https:\/\/globalperspektif.com\/en\/wp-json\/wp\/v2\/comments?post=18614"}],"version-history":[{"count":44,"href":"https:\/\/globalperspektif.com\/en\/wp-json\/wp\/v2\/pages\/18614\/revisions"}],"predecessor-version":[{"id":31391,"href":"https:\/\/globalperspektif.com\/en\/wp-json\/wp\/v2\/pages\/18614\/revisions\/31391"}],"wp:attachment":[{"href":"https:\/\/globalperspektif.com\/en\/wp-json\/wp\/v2\/media?parent=18614"}],"curies":[{"name":"wp","href":"https:\/\/api.w.org\/{rel}","templated":true}]}}