{"id":30236,"date":"2024-07-23T12:59:18","date_gmt":"2024-07-23T12:59:18","guid":{"rendered":"https:\/\/globalperspektif.com\/?page_id=30236"},"modified":"2024-08-24T18:30:17","modified_gmt":"2024-08-24T15:30:17","slug":"golden-visa","status":"publish","type":"page","link":"https:\/\/globalperspektif.com\/en\/golden-visa\/","title":{"rendered":"Golden Visa"},"content":{"rendered":"<div data-elementor-type=\"wp-page\" data-elementor-id=\"30236\" class=\"elementor elementor-30236\">\n\t\t\t\t\t\t<section class=\"elementor-section elementor-top-section elementor-element elementor-element-c0608ae elementor-section-boxed elementor-section-height-default elementor-section-height-default sc_fly_static\" data-id=\"c0608ae\" data-element_type=\"section\">\n\t\t\t\t\t\t<div class=\"elementor-container elementor-column-gap-extended\">\n\t\t\t\t\t<div class=\"elementor-column elementor-col-100 elementor-top-column elementor-element elementor-element-61fcda1 sc_inner_width_none sc_content_align_inherit sc_layouts_column_icons_position_left sc_fly_static\" data-id=\"61fcda1\" data-element_type=\"column\">\n\t\t\t<div class=\"elementor-widget-wrap elementor-element-populated\">\n\t\t\t\t\t\t<div class=\"elementor-element elementor-element-68bf325 sc_height_huge sc_fly_static elementor-widget elementor-widget-spacer\" data-id=\"68bf325\" data-element_type=\"widget\" data-widget_type=\"spacer.default\">\n\t\t\t\t<div class=\"elementor-widget-container\">\n\t\t\t\t\t\t\t<div class=\"elementor-spacer\">\n\t\t\t<div class=\"elementor-spacer-inner\"><\/div>\n\t\t<\/div>\n\t\t\t\t\t\t<\/div>\n\t\t\t\t<\/div>\n\t\t\t\t<div class=\"elementor-element elementor-element-4e59c08 sc_fly_static elementor-widget elementor-widget-trx_sc_services\" data-id=\"4e59c08\" data-element_type=\"widget\" data-widget_type=\"trx_sc_services.default\">\n\t\t\t\t<div class=\"elementor-widget-container\">\n\t\t\t\t\t<div class=\"sc_services sc_services_default sc_services_featured_top\"><div class=\"sc_services_columns_wrap sc_item_columns sc_item_posts_container sc_item_columns_3 trx_addons_columns_wrap columns_padding_bottom\"><div class=\"trx_addons_column-1_3\"><div data-post-id=\"31640\" class=\"sc_services_item sc_item_container post_container with_content with_image sc_services_item_featured_top post-31640 cpt_services type-cpt_services status-publish has-post-thumbnail hentry cpt_services_group-golden-visa\" data-item-number=\"1\"\n>\n\t<div class=\"post_featured with_thumb hover_link sc_services_item_thumb\"><img fetchpriority=\"high\" decoding=\"async\" width=\"890\" height=\"664\" src=\"https:\/\/globalperspektif.com\/wp-content\/uploads\/2025\/02\/Italya-Gv-890x664.jpg\" class=\"attachment-beautique-thumb-square size-beautique-thumb-square wp-post-image\" alt=\"\" srcset=\"https:\/\/globalperspektif.com\/wp-content\/uploads\/2025\/02\/Italya-Gv-890x664.jpg 890w, https:\/\/globalperspektif.com\/wp-content\/uploads\/2025\/02\/Italya-Gv-18x12.jpg 18w\" sizes=\"(max-width: 890px) 100vw, 890px\" \/>\t\t\t\t\t\t<div class=\"mask\"><\/div>\n\t\t\t\t\t\t<a class=\"post_link sc_services_item_link\" href=\"https:\/\/globalperspektif.com\/en\/golden-visa\/italya-golden-visa\/\"><\/a>\t\t\t<a href=\"https:\/\/globalperspektif.com\/en\/golden-visa\/italya-golden-visa\/\"  aria-hidden=\"true\" class=\"link\"><\/a>\n\t\t\t<\/div>\t\n\t<div class=\"sc_services_item_info\">\n\t\t\t\t<div class=\"sc_services_item_header\">\n\t\t\t\t\t\t<h4 class=\"sc_services_item_title entry-title\"><a href=\"https:\/\/globalperspektif.com\/en\/golden-visa\/italya-golden-visa\/\">\u0130talya Golden Visa<\/a><\/h4>\n            \t\t<\/div>\n\t\t                    <div class=\"sc_services_item_content\"><p>You can click to review the program now and get more detailed information. <\/p>\n<\/div><div class=\"sc_services_item_button sc_item_button\">\n            <a href=\"https:\/\/globalperspektif.com\/en\/golden-visa\/italya-golden-visa\/\" class=\"sc_services_item_more_link\">\n                <span class=\"link_text\">Review<\/span><span class=\"link_icon\"><\/span>\n            <\/a>\n            <\/div><\/div>\n<\/div>\n<\/div><div class=\"trx_addons_column-1_3\"><div data-post-id=\"30646\" class=\"sc_services_item sc_item_container post_container with_content with_image sc_services_item_featured_top post-30646 cpt_services type-cpt_services status-publish has-post-thumbnail hentry cpt_services_group-golden-visa\" data-item-number=\"2\"\n>\n\t<div class=\"post_featured with_thumb hover_link sc_services_item_thumb\"><img decoding=\"async\" width=\"890\" height=\"664\" src=\"https:\/\/globalperspektif.com\/wp-content\/uploads\/2024\/07\/YUNANISTAN-OTURUM-KARTI-PROGRAMI-1-min-890x664.jpg\" class=\"attachment-beautique-thumb-square size-beautique-thumb-square wp-post-image\" alt=\"\" \/>\t\t\t\t\t\t<div class=\"mask\"><\/div>\n\t\t\t\t\t\t<a class=\"post_link sc_services_item_link\" href=\"https:\/\/globalperspektif.com\/en\/golden-visa\/yunanistan-golden-visa\/\"><\/a>\t\t\t<a href=\"https:\/\/globalperspektif.com\/en\/golden-visa\/yunanistan-golden-visa\/\"  aria-hidden=\"true\" class=\"link\"><\/a>\n\t\t\t<\/div>\t\n\t<div class=\"sc_services_item_info\">\n\t\t\t\t<div class=\"sc_services_item_header\">\n\t\t\t\t\t\t<h4 class=\"sc_services_item_title entry-title\"><a href=\"https:\/\/globalperspektif.com\/en\/golden-visa\/yunanistan-golden-visa\/\">Yunanistan Golden Visa<\/a><\/h4>\n            \t\t<\/div>\n\t\t                    <div class=\"sc_services_item_content\"><p>You can click to review the program now and get more detailed information. <\/p>\n<\/div><div class=\"sc_services_item_button sc_item_button\">\n            <a href=\"https:\/\/globalperspektif.com\/en\/golden-visa\/yunanistan-golden-visa\/\" class=\"sc_services_item_more_link\">\n                <span class=\"link_text\">Review<\/span><span class=\"link_icon\"><\/span>\n            <\/a>\n            <\/div><\/div>\n<\/div>\n<\/div><div class=\"trx_addons_column-1_3\"><div data-post-id=\"30644\" class=\"sc_services_item sc_item_container post_container with_content with_image sc_services_item_featured_top post-30644 cpt_services type-cpt_services status-publish has-post-thumbnail hentry cpt_services_group-golden-visa\" data-item-number=\"3\"\n>\n\t<div class=\"post_featured with_thumb hover_link sc_services_item_thumb\"><img decoding=\"async\" width=\"890\" height=\"664\" src=\"https:\/\/globalperspektif.com\/wp-content\/uploads\/2024\/07\/portekiz-fon-programi-1-min-890x664.jpg\" class=\"attachment-beautique-thumb-square size-beautique-thumb-square wp-post-image\" alt=\"\" \/>\t\t\t\t\t\t<div class=\"mask\"><\/div>\n\t\t\t\t\t\t<a class=\"post_link sc_services_item_link\" href=\"https:\/\/globalperspektif.com\/en\/golden-visa\/portekiz-golden-visa\/\"><\/a>\t\t\t<a href=\"https:\/\/globalperspektif.com\/en\/golden-visa\/portekiz-golden-visa\/\"  aria-hidden=\"true\" class=\"link\"><\/a>\n\t\t\t<\/div>\t\n\t<div class=\"sc_services_item_info\">\n\t\t\t\t<div class=\"sc_services_item_header\">\n\t\t\t\t\t\t<h4 class=\"sc_services_item_title entry-title\"><a href=\"https:\/\/globalperspektif.com\/en\/golden-visa\/portekiz-golden-visa\/\">Portekiz Golden Visa<\/a><\/h4>\n            \t\t<\/div>\n\t\t                    <div class=\"sc_services_item_content\"><p>You can click to review the program now and get more detailed information. <\/p>\n<\/div><div class=\"sc_services_item_button sc_item_button\">\n            <a href=\"https:\/\/globalperspektif.com\/en\/golden-visa\/portekiz-golden-visa\/\" class=\"sc_services_item_more_link\">\n                <span class=\"link_text\">Review<\/span><span class=\"link_icon\"><\/span>\n            <\/a>\n            <\/div><\/div>\n<\/div>\n<\/div><div class=\"trx_addons_column-1_3\"><div data-post-id=\"30645\" class=\"sc_services_item sc_item_container post_container with_content with_image sc_services_item_featured_top post-30645 cpt_services type-cpt_services status-publish has-post-thumbnail hentry cpt_services_group-golden-visa\" data-item-number=\"4\"\n>\n\t<div class=\"post_featured with_thumb hover_link sc_services_item_thumb\"><img loading=\"lazy\" decoding=\"async\" width=\"890\" height=\"664\" src=\"https:\/\/globalperspektif.com\/wp-content\/uploads\/2024\/07\/ispanya-golden-visa-1-min-890x664.jpg\" class=\"attachment-beautique-thumb-square size-beautique-thumb-square wp-post-image\" alt=\"\" \/>\t\t\t\t\t\t<div class=\"mask\"><\/div>\n\t\t\t\t\t\t<a class=\"post_link sc_services_item_link\" href=\"https:\/\/globalperspektif.com\/en\/golden-visa\/ispanya-golden-visa\/\"><\/a>\t\t\t<a href=\"https:\/\/globalperspektif.com\/en\/golden-visa\/ispanya-golden-visa\/\"  aria-hidden=\"true\" class=\"link\"><\/a>\n\t\t\t<\/div>\t\n\t<div class=\"sc_services_item_info\">\n\t\t\t\t<div class=\"sc_services_item_header\">\n\t\t\t\t\t\t<h4 class=\"sc_services_item_title entry-title\"><a href=\"https:\/\/globalperspektif.com\/en\/golden-visa\/ispanya-golden-visa\/\">Spain Golden Visa<\/a><\/h4>\n            \t\t<\/div>\n\t\t                    <div class=\"sc_services_item_content\"><p>You can click to review the program now and get more detailed information. <\/p>\n<\/div><div class=\"sc_services_item_button sc_item_button\">\n            <a href=\"https:\/\/globalperspektif.com\/en\/golden-visa\/ispanya-golden-visa\/\" class=\"sc_services_item_more_link\">\n                <span class=\"link_text\">Review<\/span><span class=\"link_icon\"><\/span>\n            <\/a>\n            <\/div><\/div>\n<\/div>\n<\/div><div class=\"trx_addons_column-1_3\"><div data-post-id=\"30642\" class=\"sc_services_item sc_item_container post_container with_content with_image sc_services_item_featured_top post-30642 cpt_services type-cpt_services status-publish has-post-thumbnail hentry cpt_services_group-golden-visa\" data-item-number=\"5\"\n>\n\t<div class=\"post_featured with_thumb hover_link sc_services_item_thumb\"><img loading=\"lazy\" decoding=\"async\" width=\"890\" height=\"664\" src=\"https:\/\/globalperspektif.com\/wp-content\/uploads\/2024\/07\/macaristan-1-min-890x664.jpg\" class=\"attachment-beautique-thumb-square size-beautique-thumb-square wp-post-image\" alt=\"\" \/>\t\t\t\t\t\t<div class=\"mask\"><\/div>\n\t\t\t\t\t\t<a class=\"post_link sc_services_item_link\" href=\"https:\/\/globalperspektif.com\/en\/golden-visa\/macaristan-golden-visa\/\"><\/a>\t\t\t<a href=\"https:\/\/globalperspektif.com\/en\/golden-visa\/macaristan-golden-visa\/\"  aria-hidden=\"true\" class=\"link\"><\/a>\n\t\t\t<\/div>\t\n\t<div class=\"sc_services_item_info\">\n\t\t\t\t<div class=\"sc_services_item_header\">\n\t\t\t\t\t\t<h4 class=\"sc_services_item_title entry-title\"><a href=\"https:\/\/globalperspektif.com\/en\/golden-visa\/macaristan-golden-visa\/\">Macaristan Golden Visa<\/a><\/h4>\n            \t\t<\/div>\n\t\t                    <div class=\"sc_services_item_content\"><p>You can click to review the program now and get more detailed information. <\/p>\n<\/div><div class=\"sc_services_item_button sc_item_button\">\n            <a href=\"https:\/\/globalperspektif.com\/en\/golden-visa\/macaristan-golden-visa\/\" class=\"sc_services_item_more_link\">\n                <span class=\"link_text\">Review<\/span><span class=\"link_icon\"><\/span>\n            <\/a>\n            <\/div><\/div>\n<\/div>\n<\/div><div class=\"trx_addons_column-1_3\"><div data-post-id=\"30641\" class=\"sc_services_item sc_item_container post_container with_content with_image sc_services_item_featured_top post-30641 cpt_services type-cpt_services status-publish has-post-thumbnail hentry cpt_services_group-golden-visa\" data-item-number=\"6\"\n>\n\t<div class=\"post_featured with_thumb hover_link sc_services_item_thumb\"><img loading=\"lazy\" decoding=\"async\" width=\"890\" height=\"664\" src=\"https:\/\/globalperspektif.com\/wp-content\/uploads\/2024\/07\/letonya-sirket-hissedari-programi-1-min-890x664.jpg\" class=\"attachment-beautique-thumb-square size-beautique-thumb-square wp-post-image\" alt=\"\" \/>\t\t\t\t\t\t<div class=\"mask\"><\/div>\n\t\t\t\t\t\t<a class=\"post_link sc_services_item_link\" href=\"https:\/\/globalperspektif.com\/en\/golden-visa\/letonya-golden-visa\/\"><\/a>\t\t\t<a href=\"https:\/\/globalperspektif.com\/en\/golden-visa\/letonya-golden-visa\/\"  aria-hidden=\"true\" class=\"link\"><\/a>\n\t\t\t<\/div>\t\n\t<div class=\"sc_services_item_info\">\n\t\t\t\t<div class=\"sc_services_item_header\">\n\t\t\t\t\t\t<h4 class=\"sc_services_item_title entry-title\"><a href=\"https:\/\/globalperspektif.com\/en\/golden-visa\/letonya-golden-visa\/\">Letonya Golden Visa<\/a><\/h4>\n            \t\t<\/div>\n\t\t                    <div class=\"sc_services_item_content\"><p>You can click to review the program now and get more detailed information. <\/p>\n<\/div><div class=\"sc_services_item_button sc_item_button\">\n            <a href=\"https:\/\/globalperspektif.com\/en\/golden-visa\/letonya-golden-visa\/\" class=\"sc_services_item_more_link\">\n                <span class=\"link_text\">Review<\/span><span class=\"link_icon\"><\/span>\n            <\/a>\n            <\/div><\/div>\n<\/div>\n<\/div><div class=\"trx_addons_column-1_3\"><div data-post-id=\"30567\" class=\"sc_services_item sc_item_container post_container with_content with_image sc_services_item_featured_top post-30567 cpt_services type-cpt_services status-publish has-post-thumbnail hentry cpt_services_group-golden-visa\" data-item-number=\"7\"\n>\n\t<div class=\"post_featured with_thumb hover_link sc_services_item_thumb\"><img loading=\"lazy\" decoding=\"async\" width=\"890\" height=\"664\" src=\"https:\/\/globalperspektif.com\/wp-content\/uploads\/2024\/07\/dominica-1-min-890x664.jpg\" class=\"attachment-beautique-thumb-square size-beautique-thumb-square wp-post-image\" alt=\"\" \/>\t\t\t\t\t\t<div class=\"mask\"><\/div>\n\t\t\t\t\t\t<a class=\"post_link sc_services_item_link\" href=\"https:\/\/globalperspektif.com\/en\/golden-visa\/dominica-golden-visa\/\"><\/a>\t\t\t<a href=\"https:\/\/globalperspektif.com\/en\/golden-visa\/dominica-golden-visa\/\"  aria-hidden=\"true\" class=\"link\"><\/a>\n\t\t\t<\/div>\t\n\t<div class=\"sc_services_item_info\">\n\t\t\t\t<div class=\"sc_services_item_header\">\n\t\t\t\t\t\t<h4 class=\"sc_services_item_title entry-title\"><a href=\"https:\/\/globalperspektif.com\/en\/golden-visa\/dominica-golden-visa\/\">Dominica Golden Visa<\/a><\/h4>\n            \t\t<\/div>\n\t\t                    <div class=\"sc_services_item_content\"><p>You can click to review the program now and get more detailed information. <\/p>\n<\/div><div class=\"sc_services_item_button sc_item_button\">\n            <a href=\"https:\/\/globalperspektif.com\/en\/golden-visa\/dominica-golden-visa\/\" class=\"sc_services_item_more_link\">\n                <span class=\"link_text\">Review<\/span><span class=\"link_icon\"><\/span>\n            <\/a>\n            <\/div><\/div>\n<\/div>\n<\/div><div class=\"trx_addons_column-1_3\"><div data-post-id=\"30643\" class=\"sc_services_item sc_item_container post_container with_content with_image sc_services_item_featured_top post-30643 cpt_services type-cpt_services status-publish has-post-thumbnail hentry cpt_services_group-golden-visa\" data-item-number=\"8\"\n>\n\t<div class=\"post_featured with_thumb hover_link sc_services_item_thumb\"><img loading=\"lazy\" decoding=\"async\" width=\"890\" height=\"664\" src=\"https:\/\/globalperspektif.com\/wp-content\/uploads\/2024\/07\/St-Lucia-1-min-890x664.jpg\" class=\"attachment-beautique-thumb-square size-beautique-thumb-square wp-post-image\" alt=\"\" \/>\t\t\t\t\t\t<div class=\"mask\"><\/div>\n\t\t\t\t\t\t<a class=\"post_link sc_services_item_link\" href=\"https:\/\/globalperspektif.com\/en\/golden-visa\/st-lucia-golden-visa\/\"><\/a>\t\t\t<a href=\"https:\/\/globalperspektif.com\/en\/golden-visa\/st-lucia-golden-visa\/\"  aria-hidden=\"true\" class=\"link\"><\/a>\n\t\t\t<\/div>\t\n\t<div class=\"sc_services_item_info\">\n\t\t\t\t<div class=\"sc_services_item_header\">\n\t\t\t\t\t\t<h4 class=\"sc_services_item_title entry-title\"><a href=\"https:\/\/globalperspektif.com\/en\/golden-visa\/st-lucia-golden-visa\/\">St Lucia Golden Visa<\/a><\/h4>\n            \t\t<\/div>\n\t\t                    <div class=\"sc_services_item_content\"><p>You can click to review the program now and get more detailed information. <\/p>\n<\/div><div class=\"sc_services_item_button sc_item_button\">\n            <a href=\"https:\/\/globalperspektif.com\/en\/golden-visa\/st-lucia-golden-visa\/\" class=\"sc_services_item_more_link\">\n                <span class=\"link_text\">Review<\/span><span class=\"link_icon\"><\/span>\n            <\/a>\n            <\/div><\/div>\n<\/div>\n<\/div><div class=\"trx_addons_column-1_3\"><div data-post-id=\"30640\" class=\"sc_services_item sc_item_container post_container with_content with_image sc_services_item_featured_top post-30640 cpt_services type-cpt_services status-publish has-post-thumbnail hentry cpt_services_group-golden-visa\" data-item-number=\"9\"\n>\n\t<div class=\"post_featured with_thumb hover_link sc_services_item_thumb\"><img loading=\"lazy\" decoding=\"async\" width=\"890\" height=\"664\" src=\"https:\/\/globalperspektif.com\/wp-content\/uploads\/2024\/07\/saint-kitts-nevis-1-min-890x664.jpg\" class=\"attachment-beautique-thumb-square size-beautique-thumb-square wp-post-image\" alt=\"\" \/>\t\t\t\t\t\t<div class=\"mask\"><\/div>\n\t\t\t\t\t\t<a class=\"post_link sc_services_item_link\" href=\"https:\/\/globalperspektif.com\/en\/golden-visa\/saint-kitts-nevis-golden-visa\/\"><\/a>\t\t\t<a href=\"https:\/\/globalperspektif.com\/en\/golden-visa\/saint-kitts-nevis-golden-visa\/\"  aria-hidden=\"true\" class=\"link\"><\/a>\n\t\t\t<\/div>\t\n\t<div class=\"sc_services_item_info\">\n\t\t\t\t<div class=\"sc_services_item_header\">\n\t\t\t\t\t\t<h4 class=\"sc_services_item_title entry-title\"><a href=\"https:\/\/globalperspektif.com\/en\/golden-visa\/saint-kitts-nevis-golden-visa\/\">Saint Kitts &#038; Nevis Golden Visa<\/a><\/h4>\n            \t\t<\/div>\n\t\t                    <div class=\"sc_services_item_content\"><p>You can click to review the program now and get more detailed information. <\/p>\n<\/div><div class=\"sc_services_item_button sc_item_button\">\n            <a href=\"https:\/\/globalperspektif.com\/en\/golden-visa\/saint-kitts-nevis-golden-visa\/\" class=\"sc_services_item_more_link\">\n                <span class=\"link_text\">Review<\/span><span class=\"link_icon\"><\/span>\n            <\/a>\n            <\/div><\/div>\n<\/div>\n<\/div><div class=\"trx_addons_column-1_3\"><div data-post-id=\"30639\" class=\"sc_services_item sc_item_container post_container with_content with_image sc_services_item_featured_top post-30639 cpt_services type-cpt_services status-publish has-post-thumbnail hentry cpt_services_group-golden-visa\" data-item-number=\"10\"\n>\n\t<div class=\"post_featured with_thumb hover_link sc_services_item_thumb\"><img loading=\"lazy\" decoding=\"async\" width=\"890\" height=\"664\" src=\"https:\/\/globalperspektif.com\/wp-content\/uploads\/2024\/07\/grenada-golden-visa-1-min-890x664.jpg\" class=\"attachment-beautique-thumb-square size-beautique-thumb-square wp-post-image\" alt=\"\" \/>\t\t\t\t\t\t<div class=\"mask\"><\/div>\n\t\t\t\t\t\t<a class=\"post_link sc_services_item_link\" href=\"https:\/\/globalperspektif.com\/en\/golden-visa\/grenada-golden-visa\/\"><\/a>\t\t\t<a href=\"https:\/\/globalperspektif.com\/en\/golden-visa\/grenada-golden-visa\/\"  aria-hidden=\"true\" class=\"link\"><\/a>\n\t\t\t<\/div>\t\n\t<div class=\"sc_services_item_info\">\n\t\t\t\t<div class=\"sc_services_item_header\">\n\t\t\t\t\t\t<h4 class=\"sc_services_item_title entry-title\"><a href=\"https:\/\/globalperspektif.com\/en\/golden-visa\/grenada-golden-visa\/\">Grenada Golden Visa<\/a><\/h4>\n            \t\t<\/div>\n\t\t                    <div class=\"sc_services_item_content\"><p>You can click to review the program now and get more detailed information. <\/p>\n<\/div><div class=\"sc_services_item_button sc_item_button\">\n            <a href=\"https:\/\/globalperspektif.com\/en\/golden-visa\/grenada-golden-visa\/\" class=\"sc_services_item_more_link\">\n                <span class=\"link_text\">Review<\/span><span class=\"link_icon\"><\/span>\n            <\/a>\n            <\/div><\/div>\n<\/div>\n<\/div><\/div><\/div>\t\t\t\t<\/div>\n\t\t\t\t<\/div>\n\t\t\t\t<div class=\"elementor-element elementor-element-b9f4353 sc_height_large sc_fly_static elementor-widget elementor-widget-spacer\" data-id=\"b9f4353\" data-element_type=\"widget\" data-widget_type=\"spacer.default\">\n\t\t\t\t<div class=\"elementor-widget-container\">\n\t\t\t\t\t\t\t<div class=\"elementor-spacer\">\n\t\t\t<div class=\"elementor-spacer-inner\"><\/div>\n\t\t<\/div>\n\t\t\t\t\t\t<\/div>\n\t\t\t\t<\/div>\n\t\t\t\t\t<\/div>\n\t\t<\/div>\n\t\t\t\t\t<\/div>\n\t\t<\/section>\n\t\t\t\t<\/div>","protected":false},"excerpt":{"rendered":"<p>Yunanistan Program\u0131 hemen incelemek ve daha detayl\u0131 bilgi almak i\u00e7in t\u0131klayabilirsiniz. \u0130nceleyin Portekiz Fon Program\u0131 Program\u0131 hemen incelemek ve daha detayl\u0131 bilgi almak i\u00e7in t\u0131klayabilirsiniz. \u0130nceleyin \u0130spanya Golden Visa Program\u0131&hellip;<\/p>","protected":false},"author":1,"featured_media":0,"parent":0,"menu_order":0,"comment_status":"closed","ping_status":"closed","template":"","meta":{"footnotes":""},"class_list":["post-30236","page","type-page","status-publish","hentry"],"_links":{"self":[{"href":"https:\/\/globalperspektif.com\/en\/wp-json\/wp\/v2\/pages\/30236","targetHints":{"allow":["GET"]}}],"collection":[{"href":"https:\/\/globalperspektif.com\/en\/wp-json\/wp\/v2\/pages"}],"about":[{"href":"https:\/\/globalperspektif.com\/en\/wp-json\/wp\/v2\/types\/page"}],"author":[{"embeddable":true,"href":"https:\/\/globalperspektif.com\/en\/wp-json\/wp\/v2\/users\/1"}],"replies":[{"embeddable":true,"href":"https:\/\/globalperspektif.com\/en\/wp-json\/wp\/v2\/comments?post=30236"}],"version-history":[{"count":9,"href":"https:\/\/globalperspektif.com\/en\/wp-json\/wp\/v2\/pages\/30236\/revisions"}],"predecessor-version":[{"id":31390,"href":"https:\/\/globalperspektif.com\/en\/wp-json\/wp\/v2\/pages\/30236\/revisions\/31390"}],"wp:attachment":[{"href":"https:\/\/globalperspektif.com\/en\/wp-json\/wp\/v2\/media?parent=30236"}],"curies":[{"name":"wp","href":"https:\/\/api.w.org\/{rel}","templated":true}]}}