{"id":30269,"date":"2024-07-23T13:06:07","date_gmt":"2024-07-23T13:06:07","guid":{"rendered":"https:\/\/globalperspektif.com\/?page_id=30269"},"modified":"2024-08-24T18:36:48","modified_gmt":"2024-08-24T15:36:48","slug":"kvkk-bildirimi","status":"publish","type":"page","link":"https:\/\/globalperspektif.com\/en\/kvkk-bildirimi\/","title":{"rendered":"KVKK Notification"},"content":{"rendered":"<div data-elementor-type=\"wp-page\" data-elementor-id=\"30269\" class=\"elementor elementor-30269\">\n\t\t\t\t\t\t<section class=\"elementor-section elementor-top-section elementor-element elementor-element-762336b2 elementor-section-boxed elementor-section-height-default elementor-section-height-default sc_fly_static\" data-id=\"762336b2\" data-element_type=\"section\" data-settings=\"{&quot;background_background&quot;:&quot;classic&quot;}\">\n\t\t\t\t\t\t<div class=\"elementor-container elementor-column-gap-extended\">\n\t\t\t\t\t<div class=\"elementor-column elementor-col-100 elementor-top-column elementor-element elementor-element-416ba2ff sc_inner_width_none sc_content_align_inherit sc_layouts_column_icons_position_left sc_fly_static\" data-id=\"416ba2ff\" data-element_type=\"column\">\n\t\t\t<div class=\"elementor-widget-wrap elementor-element-populated\">\n\t\t\t\t\t\t<div class=\"elementor-element elementor-element-111ece5e sc_fly_static elementor-widget elementor-widget-text-editor\" data-id=\"111ece5e\" data-element_type=\"widget\" data-widget_type=\"text-editor.default\">\n\t\t\t\t<div class=\"elementor-widget-container\">\n\t\t\t\t\t\t\t\t\t<p>As globalperspektif.com, we take the necessary measures as the Data Controller in the stages of preserving, processing and transferring your personal data in accordance with the principle of protecting the privacy of private life and the fundamental rights and freedoms of individuals.<\/p><p>We have prepared our Personal Data Processing Information Text (\u201cInformation Text\u201d) in order to inform the data owner persons regarding the processing, storage and transfer of your personal data within the framework of the Personal Data Protection Law (KVKK) and legal regulations. On this page, you can access all information about our information as the data controller, the purpose for which personal data will be processed, to whom and for what purpose it can be transferred, the method and legal reason for collecting personal data, and your rights listed in the KVKK.<\/p><p>We may make changes to the Information Text if necessary. Any changes made will become effective upon publication.<\/p>\t\t\t\t\t\t\t\t<\/div>\n\t\t\t\t<\/div>\n\t\t\t\t\t<\/div>\n\t\t<\/div>\n\t\t\t\t\t<\/div>\n\t\t<\/section>\n\t\t\t\t<\/div>","protected":false},"excerpt":{"rendered":"<p>Ki\u015fisel verilerinizi \u00f6zel hayat\u0131n gizlili\u011fi ve ki\u015filerin temel hak ve \u00f6zg\u00fcrl\u00fcklerinin korunmas\u0131 ilkesine uygun olarak muhafazas\u0131, i\u015flenmesi ve mevzuata uygun olarak aktar\u0131m\u0131 a\u015famalar\u0131nda globalperspektif.com olarak Veri Sorumlusu s\u0131fat\u0131 ile gerekli&hellip;<\/p>","protected":false},"author":1,"featured_media":0,"parent":0,"menu_order":0,"comment_status":"closed","ping_status":"closed","template":"","meta":{"footnotes":""},"class_list":["post-30269","page","type-page","status-publish","hentry"],"_links":{"self":[{"href":"https:\/\/globalperspektif.com\/en\/wp-json\/wp\/v2\/pages\/30269","targetHints":{"allow":["GET"]}}],"collection":[{"href":"https:\/\/globalperspektif.com\/en\/wp-json\/wp\/v2\/pages"}],"about":[{"href":"https:\/\/globalperspektif.com\/en\/wp-json\/wp\/v2\/types\/page"}],"author":[{"embeddable":true,"href":"https:\/\/globalperspektif.com\/en\/wp-json\/wp\/v2\/users\/1"}],"replies":[{"embeddable":true,"href":"https:\/\/globalperspektif.com\/en\/wp-json\/wp\/v2\/comments?post=30269"}],"version-history":[{"count":5,"href":"https:\/\/globalperspektif.com\/en\/wp-json\/wp\/v2\/pages\/30269\/revisions"}],"predecessor-version":[{"id":31393,"href":"https:\/\/globalperspektif.com\/en\/wp-json\/wp\/v2\/pages\/30269\/revisions\/31393"}],"wp:attachment":[{"href":"https:\/\/globalperspektif.com\/en\/wp-json\/wp\/v2\/media?parent=30269"}],"curies":[{"name":"wp","href":"https:\/\/api.w.org\/{rel}","templated":true}]}}