{"id":30270,"date":"2024-07-23T13:05:58","date_gmt":"2024-07-23T13:05:58","guid":{"rendered":"https:\/\/globalperspektif.com\/?page_id=30270"},"modified":"2024-08-24T18:18:52","modified_gmt":"2024-08-24T15:18:52","slug":"cerez-politikasi","status":"publish","type":"page","link":"https:\/\/globalperspektif.com\/en\/cerez-politikasi\/","title":{"rendered":"Cookie Policy"},"content":{"rendered":"<div data-elementor-type=\"wp-page\" data-elementor-id=\"30270\" class=\"elementor elementor-30270\">\n\t\t\t\t\t\t<section class=\"elementor-section elementor-top-section elementor-element elementor-element-762336b2 elementor-section-boxed elementor-section-height-default elementor-section-height-default sc_fly_static\" data-id=\"762336b2\" data-element_type=\"section\" data-settings=\"{&quot;background_background&quot;:&quot;classic&quot;}\">\n\t\t\t\t\t\t<div class=\"elementor-container elementor-column-gap-extended\">\n\t\t\t\t\t<div class=\"elementor-column elementor-col-100 elementor-top-column elementor-element elementor-element-416ba2ff sc_inner_width_none sc_content_align_inherit sc_layouts_column_icons_position_left sc_fly_static\" data-id=\"416ba2ff\" data-element_type=\"column\">\n\t\t\t<div class=\"elementor-widget-wrap elementor-element-populated\">\n\t\t\t\t\t\t<div class=\"elementor-element elementor-element-111ece5e sc_fly_static elementor-widget elementor-widget-text-editor\" data-id=\"111ece5e\" data-element_type=\"widget\" data-widget_type=\"text-editor.default\">\n\t\t\t\t<div class=\"elementor-widget-container\">\n\t\t\t\t\t\t\t\t\t<p>Each time you visit our website, information showing your access and usage is collected using various data acquisition tools or relevant technologies by third parties operating on our behalf and account in order to make our site useful, effective and secure and to provide you with better service.<\/p><p><strong>What is a Cookie?\u00a0<\/strong><\/p><p class=\"translation-block\">Cookies are very small text files, usually consisting of letters and numbers, that are stored in users' browsers when a web page is visited. It keeps a record of what people search for on websites in the browser history. It allows a website to use the site by keeping a browser record of their movements. Cookies can be likened to identity cards that show websites that the same visitor has visited the site again. Cookies do not contain personal data such as name, gender or address of visitors. For more detailed information on cookies, you can visit <a href=\"https:\/\/www.aboutcookies.org\/\" target=\"_self\">www.aboutcookies.org<\/a> and www.allaboutcookies.org.<\/p><p><strong>Types of Cookies and Their Purposes of Use\u00a0<\/strong><\/p><p>Cookies managed by the site owner are called Website Cookies. Apart from this, third party Cookies managed by different companies can also be used. While session Cookies are deleted when the visitor leaves the website, persistent Cookies remain on visitors' devices for varying periods. Technical Cookies, verification Cookies, targeting\/advertising Cookies, personalisation Cookies and analytical Cookies are Cookies that we can vary according to the purpose of use. Cookies can be used to perform the basic functions required for the operation of the website, to analyse the website and increase its performance, to increase the functionality of the website and provide ease of use, and to carry out personalisation, targeting and advertising activities.<\/p><p><strong>Managing Cookie Preferences<\/strong><\/p><p class=\"translation-block\">Your preferences regarding which personal data will be collected during the use of our Rund-A Website are extremely important to us. However, it is not possible to manage preferences regarding Cookies, which are mandatory for the operation of the Website. In addition, we would like to remind you that if some Cookies are disabled, various functions of the Website may not work. Information on how you can manage preferences regarding Cookies on our Website while using our Website is as follows: You have the right to personalize your preferences by changing the settings of the browser you use to view our Website. If the browser you are using offers this option, it is possible to change preferences regarding Cookies via your browser settings. Thus, although it may vary depending on the possibilities offered by the browser, data owners have the opportunity to prevent the use of Cookies, prefer to receive a warning before a Cookie is used, or only disable or delete certain Cookies. Preferences in this regard vary depending on the browser you are using, and you can access the general explanation at <a href=\"https:\/\/www.aboutcookies.org\/\" target=\"_self\">https:\/\/www.aboutcookies.org\/<\/a>. Your preferences regarding cookies may need to be made separately for each device from which you access our website.<\/p>\t\t\t\t\t\t\t\t<\/div>\n\t\t\t\t<\/div>\n\t\t\t\t\t<\/div>\n\t\t<\/div>\n\t\t\t\t\t<\/div>\n\t\t<\/section>\n\t\t\t\t<\/div>","protected":false},"excerpt":{"rendered":"<p>Web sitemizi her ziyaretinizde eri\u015fim ve kullan\u0131mlar\u0131n\u0131z\u0131 g\u00f6steren bilgiler sitemizi kullan\u0131\u015fl\u0131, etkili, g\u00fcvenli hale getirmek ve size daha iyi hizmet verebilmek amac\u0131yla \u00e7e\u015fitli veri elde etme ara\u00e7lar\u0131 ile veya bizim&hellip;<\/p>","protected":false},"author":1,"featured_media":0,"parent":0,"menu_order":0,"comment_status":"closed","ping_status":"closed","template":"","meta":{"footnotes":""},"class_list":["post-30270","page","type-page","status-publish","hentry"],"_links":{"self":[{"href":"https:\/\/globalperspektif.com\/en\/wp-json\/wp\/v2\/pages\/30270","targetHints":{"allow":["GET"]}}],"collection":[{"href":"https:\/\/globalperspektif.com\/en\/wp-json\/wp\/v2\/pages"}],"about":[{"href":"https:\/\/globalperspektif.com\/en\/wp-json\/wp\/v2\/types\/page"}],"author":[{"embeddable":true,"href":"https:\/\/globalperspektif.com\/en\/wp-json\/wp\/v2\/users\/1"}],"replies":[{"embeddable":true,"href":"https:\/\/globalperspektif.com\/en\/wp-json\/wp\/v2\/comments?post=30270"}],"version-history":[{"count":5,"href":"https:\/\/globalperspektif.com\/en\/wp-json\/wp\/v2\/pages\/30270\/revisions"}],"predecessor-version":[{"id":31386,"href":"https:\/\/globalperspektif.com\/en\/wp-json\/wp\/v2\/pages\/30270\/revisions\/31386"}],"wp:attachment":[{"href":"https:\/\/globalperspektif.com\/en\/wp-json\/wp\/v2\/media?parent=30270"}],"curies":[{"name":"wp","href":"https:\/\/api.w.org\/{rel}","templated":true}]}}