{"id":30846,"date":"2024-07-24T23:28:59","date_gmt":"2024-07-24T20:28:59","guid":{"rendered":"https:\/\/globalperspektif.com\/?page_id=30846"},"modified":"2024-08-24T18:48:14","modified_gmt":"2024-08-24T15:48:14","slug":"yatirim","status":"publish","type":"page","link":"https:\/\/globalperspektif.com\/en\/yatirim\/","title":{"rendered":"Investment"},"content":{"rendered":"<div data-elementor-type=\"wp-page\" data-elementor-id=\"30846\" class=\"elementor elementor-30846\">\n\t\t\t\t\t\t<section class=\"elementor-section elementor-top-section elementor-element elementor-element-c0608ae elementor-section-boxed elementor-section-height-default elementor-section-height-default sc_fly_static\" data-id=\"c0608ae\" data-element_type=\"section\">\n\t\t\t\t\t\t<div class=\"elementor-container elementor-column-gap-extended\">\n\t\t\t\t\t<div class=\"elementor-column elementor-col-100 elementor-top-column elementor-element elementor-element-61fcda1 sc_inner_width_none sc_content_align_inherit sc_layouts_column_icons_position_left sc_fly_static\" data-id=\"61fcda1\" data-element_type=\"column\">\n\t\t\t<div class=\"elementor-widget-wrap elementor-element-populated\">\n\t\t\t\t\t\t<div class=\"elementor-element elementor-element-68bf325 sc_height_huge sc_fly_static elementor-widget elementor-widget-spacer\" data-id=\"68bf325\" data-element_type=\"widget\" data-widget_type=\"spacer.default\">\n\t\t\t\t<div class=\"elementor-widget-container\">\n\t\t\t\t\t\t\t<div class=\"elementor-spacer\">\n\t\t\t<div class=\"elementor-spacer-inner\"><\/div>\n\t\t<\/div>\n\t\t\t\t\t\t<\/div>\n\t\t\t\t<\/div>\n\t\t\t\t<div class=\"elementor-element elementor-element-4e59c08 sc_fly_static elementor-widget elementor-widget-trx_sc_services\" data-id=\"4e59c08\" data-element_type=\"widget\" data-widget_type=\"trx_sc_services.default\">\n\t\t\t\t<div class=\"elementor-widget-container\">\n\t\t\t\t\t<div class=\"sc_services sc_services_default sc_services_featured_top\"><div class=\"sc_services_columns_wrap sc_item_columns sc_item_posts_container sc_item_columns_3 trx_addons_columns_wrap columns_padding_bottom columns_in_single_row\"><div class=\"trx_addons_column-1_3\"><div data-post-id=\"30854\" class=\"sc_services_item sc_item_container post_container with_content with_image sc_services_item_featured_top post-30854 cpt_services type-cpt_services status-publish has-post-thumbnail hentry cpt_services_group-yatirim\" data-item-number=\"1\"\n>\n\t<div class=\"post_featured with_thumb hover_link sc_services_item_thumb\"><img fetchpriority=\"high\" decoding=\"async\" width=\"890\" height=\"664\" src=\"https:\/\/globalperspektif.com\/wp-content\/uploads\/2024\/07\/Almanya-1-890x664.jpg\" class=\"attachment-beautique-thumb-square size-beautique-thumb-square wp-post-image\" alt=\"\" \/>\t\t\t\t\t\t<div class=\"mask\"><\/div>\n\t\t\t\t\t\t<a class=\"post_link sc_services_item_link\" href=\"https:\/\/globalperspektif.com\/en\/yatirim\/almanya\/\"><\/a>\t\t\t<a href=\"https:\/\/globalperspektif.com\/en\/yatirim\/almanya\/\"  aria-hidden=\"true\" class=\"link\"><\/a>\n\t\t\t<\/div>\t\n\t<div class=\"sc_services_item_info\">\n\t\t\t\t<div class=\"sc_services_item_header\">\n\t\t\t\t\t\t<h4 class=\"sc_services_item_title entry-title\"><a href=\"https:\/\/globalperspektif.com\/en\/yatirim\/almanya\/\">Germany<\/a><\/h4>\n            \t\t<\/div>\n\t\t                    <div class=\"sc_services_item_content\"><p>You can click to review the program now and get more detailed information. <\/p>\n<\/div><div class=\"sc_services_item_button sc_item_button\">\n            <a href=\"https:\/\/globalperspektif.com\/en\/yatirim\/almanya\/\" class=\"sc_services_item_more_link\">\n                <span class=\"link_text\">Review<\/span><span class=\"link_icon\"><\/span>\n            <\/a>\n            <\/div><\/div>\n<\/div>\n<\/div><div class=\"trx_addons_column-1_3\"><div data-post-id=\"31523\" class=\"sc_services_item sc_item_container post_container with_content with_image sc_services_item_featured_top post-31523 cpt_services type-cpt_services status-publish has-post-thumbnail hentry cpt_services_group-yatirim\" data-item-number=\"2\"\n>\n\t<div class=\"post_featured with_thumb hover_link sc_services_item_thumb\"><img decoding=\"async\" width=\"890\" height=\"664\" src=\"https:\/\/globalperspektif.com\/wp-content\/uploads\/2025\/01\/Italya-Yatirim-890x664.jpg\" class=\"attachment-beautique-thumb-square size-beautique-thumb-square wp-post-image\" alt=\"\" srcset=\"https:\/\/globalperspektif.com\/wp-content\/uploads\/2025\/01\/Italya-Yatirim-890x664.jpg 890w, https:\/\/globalperspektif.com\/wp-content\/uploads\/2025\/01\/Italya-Yatirim-18x12.jpg 18w\" sizes=\"(max-width: 890px) 100vw, 890px\" \/>\t\t\t\t\t\t<div class=\"mask\"><\/div>\n\t\t\t\t\t\t<a class=\"post_link sc_services_item_link\" href=\"https:\/\/globalperspektif.com\/en\/yatirim\/italya\/\"><\/a>\t\t\t<a href=\"https:\/\/globalperspektif.com\/en\/yatirim\/italya\/\"  aria-hidden=\"true\" class=\"link\"><\/a>\n\t\t\t<\/div>\t\n\t<div class=\"sc_services_item_info\">\n\t\t\t\t<div class=\"sc_services_item_header\">\n\t\t\t\t\t\t<h4 class=\"sc_services_item_title entry-title\"><a href=\"https:\/\/globalperspektif.com\/en\/yatirim\/italya\/\">\u0130talya<\/a><\/h4>\n            \t\t<\/div>\n\t\t                    <div class=\"sc_services_item_content\"><p>You can click to review the program now and get more detailed information.<\/p>\n<\/div><div class=\"sc_services_item_button sc_item_button\">\n            <a href=\"https:\/\/globalperspektif.com\/en\/yatirim\/italya\/\" class=\"sc_services_item_more_link\">\n                <span class=\"link_text\">Review<\/span><span class=\"link_icon\"><\/span>\n            <\/a>\n            <\/div><\/div>\n<\/div>\n<\/div><div class=\"trx_addons_column-1_3\"><div data-post-id=\"31528\" class=\"sc_services_item sc_item_container post_container with_content with_image sc_services_item_featured_top post-31528 cpt_services type-cpt_services status-publish has-post-thumbnail hentry cpt_services_group-yatirim\" data-item-number=\"3\"\n>\n\t<div class=\"post_featured with_thumb hover_link sc_services_item_thumb\"><img decoding=\"async\" width=\"890\" height=\"664\" src=\"https:\/\/globalperspektif.com\/wp-content\/uploads\/2025\/01\/Portekiz-Yatirim-890x664.jpg\" class=\"attachment-beautique-thumb-square size-beautique-thumb-square wp-post-image\" alt=\"\" srcset=\"https:\/\/globalperspektif.com\/wp-content\/uploads\/2025\/01\/Portekiz-Yatirim-890x664.jpg 890w, https:\/\/globalperspektif.com\/wp-content\/uploads\/2025\/01\/Portekiz-Yatirim-18x12.jpg 18w\" sizes=\"(max-width: 890px) 100vw, 890px\" \/>\t\t\t\t\t\t<div class=\"mask\"><\/div>\n\t\t\t\t\t\t<a class=\"post_link sc_services_item_link\" href=\"https:\/\/globalperspektif.com\/en\/yatirim\/portekiz\/\"><\/a>\t\t\t<a href=\"https:\/\/globalperspektif.com\/en\/yatirim\/portekiz\/\"  aria-hidden=\"true\" class=\"link\"><\/a>\n\t\t\t<\/div>\t\n\t<div class=\"sc_services_item_info\">\n\t\t\t\t<div class=\"sc_services_item_header\">\n\t\t\t\t\t\t<h4 class=\"sc_services_item_title entry-title\"><a href=\"https:\/\/globalperspektif.com\/en\/yatirim\/portekiz\/\">Portugal<\/a><\/h4>\n            \t\t<\/div>\n\t\t                    <div class=\"sc_services_item_content\"><p>You can click to review the program now and get more detailed information.<\/p>\n<\/div><div class=\"sc_services_item_button sc_item_button\">\n            <a href=\"https:\/\/globalperspektif.com\/en\/yatirim\/portekiz\/\" class=\"sc_services_item_more_link\">\n                <span class=\"link_text\">Review<\/span><span class=\"link_icon\"><\/span>\n            <\/a>\n            <\/div><\/div>\n<\/div>\n<\/div><\/div><\/div>\t\t\t\t<\/div>\n\t\t\t\t<\/div>\n\t\t\t\t<div class=\"elementor-element elementor-element-b9f4353 sc_height_large sc_fly_static elementor-widget elementor-widget-spacer\" data-id=\"b9f4353\" data-element_type=\"widget\" data-widget_type=\"spacer.default\">\n\t\t\t\t<div class=\"elementor-widget-container\">\n\t\t\t\t\t\t\t<div class=\"elementor-spacer\">\n\t\t\t<div class=\"elementor-spacer-inner\"><\/div>\n\t\t<\/div>\n\t\t\t\t\t\t<\/div>\n\t\t\t\t<\/div>\n\t\t\t\t\t<\/div>\n\t\t<\/div>\n\t\t\t\t\t<\/div>\n\t\t<\/section>\n\t\t\t\t<\/div>","protected":false},"excerpt":{"rendered":"<p>Almanya Program\u0131 hemen incelemek ve daha detayl\u0131 bilgi almak i\u00e7in t\u0131klayabilirsiniz. \u0130nceleyin \u0130ngiltere Program\u0131 hemen incelemek ve daha detayl\u0131 bilgi almak i\u00e7in t\u0131klayabilirsiniz. \u0130nceleyin BAE Program\u0131 hemen incelemek ve daha&hellip;<\/p>","protected":false},"author":1,"featured_media":0,"parent":0,"menu_order":0,"comment_status":"closed","ping_status":"closed","template":"","meta":{"footnotes":""},"class_list":["post-30846","page","type-page","status-publish","hentry"],"_links":{"self":[{"href":"https:\/\/globalperspektif.com\/en\/wp-json\/wp\/v2\/pages\/30846","targetHints":{"allow":["GET"]}}],"collection":[{"href":"https:\/\/globalperspektif.com\/en\/wp-json\/wp\/v2\/pages"}],"about":[{"href":"https:\/\/globalperspektif.com\/en\/wp-json\/wp\/v2\/types\/page"}],"author":[{"embeddable":true,"href":"https:\/\/globalperspektif.com\/en\/wp-json\/wp\/v2\/users\/1"}],"replies":[{"embeddable":true,"href":"https:\/\/globalperspektif.com\/en\/wp-json\/wp\/v2\/comments?post=30846"}],"version-history":[{"count":7,"href":"https:\/\/globalperspektif.com\/en\/wp-json\/wp\/v2\/pages\/30846\/revisions"}],"predecessor-version":[{"id":31397,"href":"https:\/\/globalperspektif.com\/en\/wp-json\/wp\/v2\/pages\/30846\/revisions\/31397"}],"wp:attachment":[{"href":"https:\/\/globalperspektif.com\/en\/wp-json\/wp\/v2\/media?parent=30846"}],"curies":[{"name":"wp","href":"https:\/\/api.w.org\/{rel}","templated":true}]}}