{"id":31679,"date":"2025-02-26T12:12:22","date_gmt":"2025-02-26T09:12:22","guid":{"rendered":"https:\/\/globalperspektif.com\/?page_id=31679"},"modified":"2025-02-26T12:13:57","modified_gmt":"2025-02-26T09:13:57","slug":"pasif-gelir","status":"publish","type":"page","link":"https:\/\/globalperspektif.com\/en\/pasif-gelir\/","title":{"rendered":"Pasif Gelir"},"content":{"rendered":"<div data-elementor-type=\"wp-page\" data-elementor-id=\"31679\" class=\"elementor elementor-31679\">\n\t\t\t\t\t\t<section class=\"elementor-section elementor-top-section elementor-element elementor-element-8bddb2c elementor-section-full_width elementor-section-height-default elementor-section-height-default sc_fly_static\" data-id=\"8bddb2c\" data-element_type=\"section\">\n\t\t\t\t\t\t<div class=\"elementor-container elementor-column-gap-extended\">\n\t\t\t\t\t<div class=\"elementor-column elementor-col-100 elementor-top-column elementor-element elementor-element-b4d6fe9 sc_inner_width_none sc_content_align_inherit sc_layouts_column_icons_position_left sc_fly_static\" data-id=\"b4d6fe9\" data-element_type=\"column\">\n\t\t\t<div class=\"elementor-widget-wrap elementor-element-populated\">\n\t\t\t\t\t\t<div class=\"elementor-element elementor-element-77f7029 sc_height_huge sc_fly_static elementor-widget elementor-widget-spacer\" data-id=\"77f7029\" data-element_type=\"widget\" data-widget_type=\"spacer.default\">\n\t\t\t\t<div class=\"elementor-widget-container\">\n\t\t\t\t\t\t\t<div class=\"elementor-spacer\">\n\t\t\t<div class=\"elementor-spacer-inner\"><\/div>\n\t\t<\/div>\n\t\t\t\t\t\t<\/div>\n\t\t\t\t<\/div>\n\t\t\t\t<div class=\"elementor-element elementor-element-819bb69 sc_fly_static elementor-widget elementor-widget-trx_sc_services\" data-id=\"819bb69\" data-element_type=\"widget\" data-widget_type=\"trx_sc_services.default\">\n\t\t\t\t<div class=\"elementor-widget-container\">\n\t\t\t\t\t<div class=\"sc_services sc_services_default sc_services_featured_top\"><div class=\"sc_services_columns_wrap sc_item_columns sc_item_posts_container sc_item_columns_3 trx_addons_columns_wrap columns_padding_bottom\"><div class=\"trx_addons_column-1_3\"><div data-post-id=\"31618\" class=\"sc_services_item sc_item_container post_container with_content with_image sc_services_item_featured_top post-31618 cpt_services type-cpt_services status-publish has-post-thumbnail hentry cpt_services_group-pasif-gelir\" data-item-number=\"1\"\n>\n\t<div class=\"post_featured with_thumb hover_link sc_services_item_thumb\"><img fetchpriority=\"high\" decoding=\"async\" width=\"890\" height=\"664\" src=\"https:\/\/globalperspektif.com\/wp-content\/uploads\/2024\/07\/Ispanya-Golden-Visa-890x664.jpg\" class=\"attachment-beautique-thumb-square size-beautique-thumb-square wp-post-image\" alt=\"\" srcset=\"https:\/\/globalperspektif.com\/wp-content\/uploads\/2024\/07\/Ispanya-Golden-Visa-890x664.jpg 890w, https:\/\/globalperspektif.com\/wp-content\/uploads\/2024\/07\/Ispanya-Golden-Visa-18x12.jpg 18w\" sizes=\"(max-width: 890px) 100vw, 890px\" \/>\t\t\t\t\t\t<div class=\"mask\"><\/div>\n\t\t\t\t\t\t<a class=\"post_link sc_services_item_link\" href=\"https:\/\/globalperspektif.com\/en\/pasif-gelir\/ispanya-non-lucrative\/\"><\/a>\t\t\t<a href=\"https:\/\/globalperspektif.com\/en\/pasif-gelir\/ispanya-non-lucrative\/\"  aria-hidden=\"true\" class=\"link\"><\/a>\n\t\t\t<\/div>\t\n\t<div class=\"sc_services_item_info\">\n\t\t\t\t<div class=\"sc_services_item_header\">\n\t\t\t\t\t\t<h4 class=\"sc_services_item_title entry-title\"><a href=\"https:\/\/globalperspektif.com\/en\/pasif-gelir\/ispanya-non-lucrative\/\">\u0130spanya Non- Lucrative<\/a><\/h4>\n            \t\t<\/div>\n\t\t                    <div class=\"sc_services_item_content\"><p>You can click to review the program now and get more detailed information. <\/p>\n<\/div><div class=\"sc_services_item_button sc_item_button\">\n            <a href=\"https:\/\/globalperspektif.com\/en\/pasif-gelir\/ispanya-non-lucrative\/\" class=\"sc_services_item_more_link\">\n                <span class=\"link_text\">Review<\/span><span class=\"link_icon\"><\/span>\n            <\/a>\n            <\/div><\/div>\n<\/div>\n<\/div><div class=\"trx_addons_column-1_3\"><div data-post-id=\"31330\" class=\"sc_services_item sc_item_container post_container with_content with_image sc_services_item_featured_top post-31330 cpt_services type-cpt_services status-publish has-post-thumbnail hentry cpt_services_group-pasif-gelir\" data-item-number=\"2\"\n>\n\t<div class=\"post_featured with_thumb hover_link sc_services_item_thumb\"><img decoding=\"async\" width=\"890\" height=\"664\" src=\"https:\/\/globalperspektif.com\/wp-content\/uploads\/2024\/08\/Portekiz-D7-890x664.jpg\" class=\"attachment-beautique-thumb-square size-beautique-thumb-square wp-post-image\" alt=\"\" srcset=\"https:\/\/globalperspektif.com\/wp-content\/uploads\/2024\/08\/Portekiz-D7-890x664.jpg 890w, https:\/\/globalperspektif.com\/wp-content\/uploads\/2024\/08\/Portekiz-D7-18x12.jpg 18w\" sizes=\"(max-width: 890px) 100vw, 890px\" \/>\t\t\t\t\t\t<div class=\"mask\"><\/div>\n\t\t\t\t\t\t<a class=\"post_link sc_services_item_link\" href=\"https:\/\/globalperspektif.com\/en\/pasif-gelir\/portekiz-d7\/\"><\/a>\t\t\t<a href=\"https:\/\/globalperspektif.com\/en\/pasif-gelir\/portekiz-d7\/\"  aria-hidden=\"true\" class=\"link\"><\/a>\n\t\t\t<\/div>\t\n\t<div class=\"sc_services_item_info\">\n\t\t\t\t<div class=\"sc_services_item_header\">\n\t\t\t\t\t\t<h4 class=\"sc_services_item_title entry-title\"><a href=\"https:\/\/globalperspektif.com\/en\/pasif-gelir\/portekiz-d7\/\">Portekiz D7<\/a><\/h4>\n            \t\t<\/div>\n\t\t                    <div class=\"sc_services_item_content\"><p>You can click to review the program now and get more detailed information. <\/p>\n<\/div><div class=\"sc_services_item_button sc_item_button\">\n            <a href=\"https:\/\/globalperspektif.com\/en\/pasif-gelir\/portekiz-d7\/\" class=\"sc_services_item_more_link\">\n                <span class=\"link_text\">Review<\/span><span class=\"link_icon\"><\/span>\n            <\/a>\n            <\/div><\/div>\n<\/div>\n<\/div><div class=\"trx_addons_column-1_3\"><div data-post-id=\"30507\" class=\"sc_services_item sc_item_container post_container with_content with_image sc_services_item_featured_top post-30507 cpt_services type-cpt_services status-publish has-post-thumbnail hentry cpt_services_group-pasif-gelir\" data-item-number=\"3\"\n>\n\t<div class=\"post_featured with_thumb hover_link sc_services_item_thumb\"><img decoding=\"async\" width=\"890\" height=\"664\" src=\"https:\/\/globalperspektif.com\/wp-content\/uploads\/2024\/07\/italya-secimli-ikamet-oturum-programi-1-min-890x664.jpg\" class=\"attachment-beautique-thumb-square size-beautique-thumb-square wp-post-image\" alt=\"\" \/>\t\t\t\t\t\t<div class=\"mask\"><\/div>\n\t\t\t\t\t\t<a class=\"post_link sc_services_item_link\" href=\"https:\/\/globalperspektif.com\/en\/pasif-gelir\/italya-secimli-ikamet-oturum-programi\/\"><\/a>\t\t\t<a href=\"https:\/\/globalperspektif.com\/en\/pasif-gelir\/italya-secimli-ikamet-oturum-programi\/\"  aria-hidden=\"true\" class=\"link\"><\/a>\n\t\t\t<\/div>\t\n\t<div class=\"sc_services_item_info\">\n\t\t\t\t<div class=\"sc_services_item_header\">\n\t\t\t\t\t\t<h4 class=\"sc_services_item_title entry-title\"><a href=\"https:\/\/globalperspektif.com\/en\/pasif-gelir\/italya-secimli-ikamet-oturum-programi\/\">Italy Selective Residency Residency Program<\/a><\/h4>\n            \t\t<\/div>\n\t\t                    <div class=\"sc_services_item_content\"><p>You can click to review the program now and get more detailed information. <\/p>\n<\/div><div class=\"sc_services_item_button sc_item_button\">\n            <a href=\"https:\/\/globalperspektif.com\/en\/pasif-gelir\/italya-secimli-ikamet-oturum-programi\/\" class=\"sc_services_item_more_link\">\n                <span class=\"link_text\">Review<\/span><span class=\"link_icon\"><\/span>\n            <\/a>\n            <\/div><\/div>\n<\/div>\n<\/div><div class=\"trx_addons_column-1_3\"><div data-post-id=\"30503\" class=\"sc_services_item sc_item_container post_container with_content with_image sc_services_item_featured_top post-30503 cpt_services type-cpt_services status-publish has-post-thumbnail hentry cpt_services_group-pasif-gelir\" data-item-number=\"4\"\n>\n\t<div class=\"post_featured with_thumb hover_link sc_services_item_thumb\"><img loading=\"lazy\" decoding=\"async\" width=\"890\" height=\"664\" src=\"https:\/\/globalperspektif.com\/wp-content\/uploads\/2024\/07\/yunanistan-fip-programi-1-min-890x664.jpg\" class=\"attachment-beautique-thumb-square size-beautique-thumb-square wp-post-image\" alt=\"\" \/>\t\t\t\t\t\t<div class=\"mask\"><\/div>\n\t\t\t\t\t\t<a class=\"post_link sc_services_item_link\" href=\"https:\/\/globalperspektif.com\/en\/pasif-gelir\/yunanistan-fip-programi\/\"><\/a>\t\t\t<a href=\"https:\/\/globalperspektif.com\/en\/pasif-gelir\/yunanistan-fip-programi\/\"  aria-hidden=\"true\" class=\"link\"><\/a>\n\t\t\t<\/div>\t\n\t<div class=\"sc_services_item_info\">\n\t\t\t\t<div class=\"sc_services_item_header\">\n\t\t\t\t\t\t<h4 class=\"sc_services_item_title entry-title\"><a href=\"https:\/\/globalperspektif.com\/en\/pasif-gelir\/yunanistan-fip-programi\/\">Greece FIP Program<\/a><\/h4>\n            \t\t<\/div>\n\t\t                    <div class=\"sc_services_item_content\"><p>You can click to review the program now and get more detailed information. <\/p>\n<\/div><div class=\"sc_services_item_button sc_item_button\">\n            <a href=\"https:\/\/globalperspektif.com\/en\/pasif-gelir\/yunanistan-fip-programi\/\" class=\"sc_services_item_more_link\">\n                <span class=\"link_text\">Review<\/span><span class=\"link_icon\"><\/span>\n            <\/a>\n            <\/div><\/div>\n<\/div>\n<\/div><\/div><\/div>\t\t\t\t<\/div>\n\t\t\t\t<\/div>\n\t\t\t\t<div class=\"elementor-element elementor-element-d5530f0 sc_height_large sc_fly_static elementor-widget elementor-widget-spacer\" data-id=\"d5530f0\" data-element_type=\"widget\" data-widget_type=\"spacer.default\">\n\t\t\t\t<div class=\"elementor-widget-container\">\n\t\t\t\t\t\t\t<div class=\"elementor-spacer\">\n\t\t\t<div class=\"elementor-spacer-inner\"><\/div>\n\t\t<\/div>\n\t\t\t\t\t\t<\/div>\n\t\t\t\t<\/div>\n\t\t\t\t\t<\/div>\n\t\t<\/div>\n\t\t\t\t\t<\/div>\n\t\t<\/section>\n\t\t\t\t<\/div>","protected":false},"excerpt":{"rendered":"<p>\u0130spanya Non- Lucrative Program\u0131 hemen incelemek ve daha detayl\u0131 bilgi almak i\u00e7in t\u0131klayabilirsiniz. \u0130nceleyin Portekiz D7 Program\u0131 hemen incelemek ve daha detayl\u0131 bilgi almak i\u00e7in t\u0131klayabilirsiniz. \u0130nceleyin \u0130talya Se\u00e7imli \u0130kamet&hellip;<\/p>","protected":false},"author":1,"featured_media":0,"parent":0,"menu_order":0,"comment_status":"closed","ping_status":"closed","template":"","meta":{"footnotes":""},"class_list":["post-31679","page","type-page","status-publish","hentry"],"_links":{"self":[{"href":"https:\/\/globalperspektif.com\/en\/wp-json\/wp\/v2\/pages\/31679","targetHints":{"allow":["GET"]}}],"collection":[{"href":"https:\/\/globalperspektif.com\/en\/wp-json\/wp\/v2\/pages"}],"about":[{"href":"https:\/\/globalperspektif.com\/en\/wp-json\/wp\/v2\/types\/page"}],"author":[{"embeddable":true,"href":"https:\/\/globalperspektif.com\/en\/wp-json\/wp\/v2\/users\/1"}],"replies":[{"embeddable":true,"href":"https:\/\/globalperspektif.com\/en\/wp-json\/wp\/v2\/comments?post=31679"}],"version-history":[{"count":4,"href":"https:\/\/globalperspektif.com\/en\/wp-json\/wp\/v2\/pages\/31679\/revisions"}],"predecessor-version":[{"id":31688,"href":"https:\/\/globalperspektif.com\/en\/wp-json\/wp\/v2\/pages\/31679\/revisions\/31688"}],"wp:attachment":[{"href":"https:\/\/globalperspektif.com\/en\/wp-json\/wp\/v2\/media?parent=31679"}],"curies":[{"name":"wp","href":"https:\/\/api.w.org\/{rel}","templated":true}]}}