{"id":617,"date":"2024-01-01T22:05:05","date_gmt":"2024-01-01T22:05:05","guid":{"rendered":"https:\/\/globalperspektif.com\/?page_id=617"},"modified":"2024-08-24T18:19:55","modified_gmt":"2024-08-24T15:19:55","slug":"gizlilik-politikasi","status":"publish","type":"page","link":"https:\/\/globalperspektif.com\/en\/gizlilik-politikasi\/","title":{"rendered":"Privacy Policy"},"content":{"rendered":"<div data-elementor-type=\"wp-page\" data-elementor-id=\"617\" class=\"elementor elementor-617\">\n\t\t\t\t\t\t<section class=\"elementor-section elementor-top-section elementor-element elementor-element-762336b2 elementor-section-boxed elementor-section-height-default elementor-section-height-default sc_fly_static\" data-id=\"762336b2\" data-element_type=\"section\" data-settings=\"{&quot;background_background&quot;:&quot;classic&quot;}\">\n\t\t\t\t\t\t<div class=\"elementor-container elementor-column-gap-extended\">\n\t\t\t\t\t<div class=\"elementor-column elementor-col-100 elementor-top-column elementor-element elementor-element-416ba2ff sc_inner_width_none sc_content_align_inherit sc_layouts_column_icons_position_left sc_fly_static\" data-id=\"416ba2ff\" data-element_type=\"column\">\n\t\t\t<div class=\"elementor-widget-wrap elementor-element-populated\">\n\t\t\t\t\t\t<div class=\"elementor-element elementor-element-111ece5e sc_fly_static elementor-widget elementor-widget-text-editor\" data-id=\"111ece5e\" data-element_type=\"widget\" data-widget_type=\"text-editor.default\">\n\t\t\t\t<div class=\"elementor-widget-container\">\n\t\t\t\t\t\t\t\t\t<p>All information you enter to become a member of our site will not be shared with 3rd party companies or persons.<\/p><p>All information you enter through the contact forms on our website will not be shared with 3rd party companies or persons.<\/p><p>Our site may send campaign information, information about new products, promotional information to its customers and members in some periods. Our members can make all kinds of choices about whether or not to receive such information while becoming a member, and then this selection can be changed in the account information section after logging in.<\/p><p>Only you can access and change all the information you provide when you become a member. If you keep your login information secure, it is not possible for others to access and change information about you.\u00a0<\/p><p>The buyer is personally responsible for any irregular use, objections and any financial losses and penalties that may arise due to any irregular use, objections and financial losses and penalties that may arise from credit card transactions belonging to him or third parties on globalperspektif.com.<\/p>\t\t\t\t\t\t\t\t<\/div>\n\t\t\t\t<\/div>\n\t\t\t\t\t<\/div>\n\t\t<\/div>\n\t\t\t\t\t<\/div>\n\t\t<\/section>\n\t\t\t\t<\/div>","protected":false},"excerpt":{"rendered":"<p>Sitemize \u00fcye olmak i\u00e7in girmi\u015f oldu\u011funuz t\u00fcm bilgiler, \u00a03. parti firma veya ki\u015filerle payla\u015f\u0131lmayacakt\u0131r. Sitemiz ileti\u015fim formlar\u0131ndan girmi\u015f oldu\u011funuz t\u00fcm bilgiler, \u00a03. parti firma veya ki\u015filerle payla\u015f\u0131lmayacakt\u0131r. Sitemiz baz\u0131 d\u00f6nemlerde&hellip;<\/p>","protected":false},"author":1,"featured_media":0,"parent":0,"menu_order":0,"comment_status":"closed","ping_status":"closed","template":"","meta":{"footnotes":""},"class_list":["post-617","page","type-page","status-publish","hentry"],"_links":{"self":[{"href":"https:\/\/globalperspektif.com\/en\/wp-json\/wp\/v2\/pages\/617","targetHints":{"allow":["GET"]}}],"collection":[{"href":"https:\/\/globalperspektif.com\/en\/wp-json\/wp\/v2\/pages"}],"about":[{"href":"https:\/\/globalperspektif.com\/en\/wp-json\/wp\/v2\/types\/page"}],"author":[{"embeddable":true,"href":"https:\/\/globalperspektif.com\/en\/wp-json\/wp\/v2\/users\/1"}],"replies":[{"embeddable":true,"href":"https:\/\/globalperspektif.com\/en\/wp-json\/wp\/v2\/comments?post=617"}],"version-history":[{"count":12,"href":"https:\/\/globalperspektif.com\/en\/wp-json\/wp\/v2\/pages\/617\/revisions"}],"predecessor-version":[{"id":31388,"href":"https:\/\/globalperspektif.com\/en\/wp-json\/wp\/v2\/pages\/617\/revisions\/31388"}],"wp:attachment":[{"href":"https:\/\/globalperspektif.com\/en\/wp-json\/wp\/v2\/media?parent=617"}],"curies":[{"name":"wp","href":"https:\/\/api.w.org\/{rel}","templated":true}]}}